{"id":2,"date":"2024-09-23T16:02:06","date_gmt":"2024-09-23T16:02:06","guid":{"rendered":"https:\/\/itaraoro.rkinformatika.online\/?page_id=2"},"modified":"2024-11-13T16:07:49","modified_gmt":"2024-11-13T16:07:49","slug":"inicio","status":"publish","type":"page","link":"https:\/\/malkovich.es\/en\/","title":{"rendered":"Home"},"content":{"rendered":"\t\t<div data-elementor-type=\"wp-page\" data-elementor-id=\"2\" class=\"elementor elementor-2\" data-elementor-post-type=\"page\">\n\t\t\t\t<div class=\"elementor-element elementor-element-85362ec e-con-full e-flex e-con e-parent\" data-id=\"85362ec\" data-element_type=\"container\" data-e-type=\"container\" data-settings=\"{&quot;background_background&quot;:&quot;slideshow&quot;,&quot;background_slideshow_gallery&quot;:[{&quot;id&quot;:821,&quot;url&quot;:&quot;https:\\\/\\\/malkovich.es\\\/wp-content\\\/uploads\\\/2024\\\/11\\\/8.png&quot;},{&quot;id&quot;:823,&quot;url&quot;:&quot;https:\\\/\\\/malkovich.es\\\/wp-content\\\/uploads\\\/2024\\\/11\\\/7.png&quot;},{&quot;id&quot;:824,&quot;url&quot;:&quot;https:\\\/\\\/malkovich.es\\\/wp-content\\\/uploads\\\/2024\\\/11\\\/3.png&quot;}],&quot;background_slideshow_loop&quot;:&quot;yes&quot;,&quot;background_slideshow_slide_duration&quot;:5000,&quot;background_slideshow_slide_transition&quot;:&quot;fade&quot;,&quot;background_slideshow_transition_duration&quot;:500}\">\n\t\t\t\t<div class=\"elementor-element elementor-element-54010a2 elementor-widget elementor-widget-heading\" data-id=\"54010a2\" data-element_type=\"widget\" data-e-type=\"widget\" data-widget_type=\"heading.default\">\n\t\t\t\t<div class=\"elementor-widget-container\">\n\t\t\t\t\t<h2 class=\"elementor-heading-title elementor-size-default\">Porque tus labios y cejas<\/h2>\t\t\t\t<\/div>\n\t\t\t\t<\/div>\n\t\t\t\t<div class=\"elementor-element elementor-element-b04b682 elementor-widget elementor-widget-heading\" data-id=\"b04b682\" data-element_type=\"widget\" data-e-type=\"widget\" data-widget_type=\"heading.default\">\n\t\t\t\t<div class=\"elementor-widget-container\">\n\t\t\t\t\t<h2 class=\"elementor-heading-title elementor-size-default\">Merecen lo Mejor<\/h2>\t\t\t\t<\/div>\n\t\t\t\t<\/div>\n\t\t\t\t<div class=\"elementor-element elementor-element-a58230f elementor-widget elementor-widget-heading\" data-id=\"a58230f\" data-element_type=\"widget\" data-e-type=\"widget\" data-widget_type=\"heading.default\">\n\t\t\t\t<div class=\"elementor-widget-container\">\n\t\t\t\t\t<h2 class=\"elementor-heading-title elementor-size-default\">Micropigmentaci\u00f3n de labios<br> micropigmentaci\u00f3n de cejas<br> eliminaci\u00f3n de micropigmentaci\u00f3n<\/h2>\t\t\t\t<\/div>\n\t\t\t\t<\/div>\n\t\t\t\t<\/div>\n\t\t<div class=\"elementor-element elementor-element-e9e4b35 e-flex e-con-boxed e-con e-parent\" data-id=\"e9e4b35\" data-element_type=\"container\" data-e-type=\"container\">\n\t\t\t\t\t<div class=\"e-con-inner\">\n\t\t\t\t<div class=\"elementor-element elementor-element-14b65d3 elementor-widget elementor-widget-heading\" data-id=\"14b65d3\" data-element_type=\"widget\" data-e-type=\"widget\" data-widget_type=\"heading.default\">\n\t\t\t\t<div class=\"elementor-widget-container\">\n\t\t\t\t\t<h2 class=\"elementor-heading-title elementor-size-default\">Top 50 Belleza y Negocios 2024<\/h2>\t\t\t\t<\/div>\n\t\t\t\t<\/div>\n\t\t\t\t\t<\/div>\n\t\t\t\t<\/div>\n\t\t<div class=\"elementor-element elementor-element-7bf126b e-flex e-con-boxed e-con e-parent\" data-id=\"7bf126b\" data-element_type=\"container\" data-e-type=\"container\">\n\t\t\t\t\t<div class=\"e-con-inner\">\n\t\t\t\t<div class=\"elementor-element elementor-element-db685bc elementor-widget elementor-widget-text-editor\" data-id=\"db685bc\" data-element_type=\"widget\" data-e-type=\"widget\" data-widget_type=\"text-editor.default\">\n\t\t\t\t<div class=\"elementor-widget-container\">\n\t\t\t\t\t\t\t\t\t<h4><strong>Entrenadora, ponente, autora de art\u00edculos y cursos.<\/strong><\/h4><h5>1er lugar labios \u201cefecto l\u00e1piz labial\u201d\u00a0 PRO 2024<br \/>2do lugar Labios \u201cefecto natural\u201d PRO 2024<br \/>3er lugar cejas \u201cefecto polvo\u201d PRO 2024\u00a0 \u00a0<\/h5><p><strong>Mis alumnos trabajan y abren sus propios negocios en toda Europa.<\/strong><\/p>\t\t\t\t\t\t\t\t<\/div>\n\t\t\t\t<\/div>\n\t\t<div class=\"elementor-element elementor-element-b4fbb47 e-con-full e-flex e-con e-child\" data-id=\"b4fbb47\" data-element_type=\"container\" data-e-type=\"container\">\n\t\t\t\t<div class=\"elementor-element elementor-element-3605228 elementor-widget elementor-widget-image\" data-id=\"3605228\" data-element_type=\"widget\" data-e-type=\"widget\" data-widget_type=\"image.default\">\n\t\t\t\t<div class=\"elementor-widget-container\">\n\t\t\t\t\t\t\t\t\t\t\t\t\t\t\t<img fetchpriority=\"high\" decoding=\"async\" width=\"1536\" height=\"1536\" src=\"https:\/\/malkovich.es\/wp-content\/uploads\/2024\/11\/veronicaMalkovich.jpg\" class=\"attachment-full size-full wp-image-899\" alt=\"\" srcset=\"https:\/\/malkovich.es\/wp-content\/uploads\/2024\/11\/veronicaMalkovich.jpg 1536w, https:\/\/malkovich.es\/wp-content\/uploads\/2024\/11\/veronicaMalkovich-300x300.jpg 300w, https:\/\/malkovich.es\/wp-content\/uploads\/2024\/11\/veronicaMalkovich-1024x1024.jpg 1024w, https:\/\/malkovich.es\/wp-content\/uploads\/2024\/11\/veronicaMalkovich-150x150.jpg 150w, https:\/\/malkovich.es\/wp-content\/uploads\/2024\/11\/veronicaMalkovich-768x768.jpg 768w, https:\/\/malkovich.es\/wp-content\/uploads\/2024\/11\/veronicaMalkovich-12x12.jpg 12w\" sizes=\"(max-width: 1536px) 100vw, 1536px\" \/>\t\t\t\t\t\t\t\t\t\t\t\t\t\t\t<\/div>\n\t\t\t\t<\/div>\n\t\t\t\t<\/div>\n\t\t\t\t\t<\/div>\n\t\t\t\t<\/div>\n\t\t<div class=\"elementor-element elementor-element-a0d5fa9 e-con-full e-flex e-con e-parent\" data-id=\"a0d5fa9\" data-element_type=\"container\" data-e-type=\"container\">\n\t\t\t\t<\/div>\n\t\t<div class=\"elementor-element elementor-element-043afde e-flex e-con-boxed e-con e-parent\" data-id=\"043afde\" data-element_type=\"container\" data-e-type=\"container\" data-settings=\"{&quot;background_background&quot;:&quot;classic&quot;}\">\n\t\t\t\t\t<div class=\"e-con-inner\">\n\t\t\t\t<div class=\"elementor-element elementor-element-02fdff0 elementor-widget elementor-widget-heading\" data-id=\"02fdff0\" data-element_type=\"widget\" data-e-type=\"widget\" data-widget_type=\"heading.default\">\n\t\t\t\t<div class=\"elementor-widget-container\">\n\t\t\t\t\t<h2 class=\"elementor-heading-title elementor-size-default\">Consigue un look vibrante<\/h2>\t\t\t\t<\/div>\n\t\t\t\t<\/div>\n\t\t\t\t<div class=\"elementor-element elementor-element-6d9c13c elementor-align-center elementor-widget elementor-widget-button\" data-id=\"6d9c13c\" data-element_type=\"widget\" data-e-type=\"widget\" data-widget_type=\"button.default\">\n\t\t\t\t<div class=\"elementor-widget-container\">\n\t\t\t\t\t\t\t\t\t<div class=\"elementor-button-wrapper\">\n\t\t\t\t\t<a class=\"elementor-button elementor-button-link elementor-size-sm\" href=\"https:\/\/malkovich.es\/contacto\/\">\n\t\t\t\t\t\t<span class=\"elementor-button-content-wrapper\">\n\t\t\t\t\t\t\t\t\t<span class=\"elementor-button-text\">Reserva tu Cita<\/span>\n\t\t\t\t\t<\/span>\n\t\t\t\t\t<\/a>\n\t\t\t\t<\/div>\n\t\t\t\t\t\t\t\t<\/div>\n\t\t\t\t<\/div>\n\t\t\t\t\t<\/div>\n\t\t\t\t<\/div>\n\t\t<div class=\"elementor-element elementor-element-90b078f e-flex e-con-boxed e-con e-parent\" data-id=\"90b078f\" data-element_type=\"container\" data-e-type=\"container\">\n\t\t\t\t\t<div class=\"e-con-inner\">\n\t\t\t\t<div class=\"elementor-element elementor-element-722928e elementor-widget elementor-widget-heading\" data-id=\"722928e\" data-element_type=\"widget\" data-e-type=\"widget\" data-widget_type=\"heading.default\">\n\t\t\t\t<div class=\"elementor-widget-container\">\n\t\t\t\t\t<h2 class=\"elementor-heading-title elementor-size-default\">servicios<\/h2>\t\t\t\t<\/div>\n\t\t\t\t<\/div>\n\t\t\t\t\t<\/div>\n\t\t\t\t<\/div>\n\t\t<div class=\"elementor-element elementor-element-be10d2a e-flex e-con-boxed e-con e-parent\" data-id=\"be10d2a\" data-element_type=\"container\" data-e-type=\"container\">\n\t\t\t\t\t<div class=\"e-con-inner\">\n\t\t\t\t<div class=\"elementor-element elementor-element-3f4d323 elementor-widget elementor-widget-text-editor\" data-id=\"3f4d323\" data-element_type=\"widget\" data-e-type=\"widget\" data-widget_type=\"text-editor.default\">\n\t\t\t\t<div class=\"elementor-widget-container\">\n\t\t\t\t\t\t\t\t\t<h6>Sabemos que tus labios y cejas son \u00fanicos y merecen un cuidado especial.<\/h6><p>Por eso, ofrecemos una variedad de servicios dise\u00f1ados para realzar tu estilo\u00a0y asegurarnos de que siempre luzcas lo mejor posible.<br \/><br \/>Tanto si buscas un cambio radical<br \/>como si solo necesitas un retoque,<br \/>estamos aqu\u00ed para <br \/>brindarte soluciones personalizadas que se adapten a tus necesidades.<\/p>\t\t\t\t\t\t\t\t<\/div>\n\t\t\t\t<\/div>\n\t\t\t\t\t<\/div>\n\t\t\t\t<\/div>\n\t\t<div class=\"elementor-element elementor-element-aca1fa5 e-flex e-con-boxed e-con e-parent\" data-id=\"aca1fa5\" data-element_type=\"container\" data-e-type=\"container\">\n\t\t\t\t\t<div class=\"e-con-inner\">\n\t\t\t\t<div class=\"elementor-element elementor-element-13a3d13 elementor-view-default elementor-position-block-start elementor-mobile-position-block-start elementor-widget elementor-widget-icon-box\" data-id=\"13a3d13\" data-element_type=\"widget\" data-e-type=\"widget\" data-widget_type=\"icon-box.default\">\n\t\t\t\t<div class=\"elementor-widget-container\">\n\t\t\t\t\t\t\t<div class=\"elementor-icon-box-wrapper\">\n\n\t\t\t\t\t\t<div class=\"elementor-icon-box-icon\">\n\t\t\t\t<span  class=\"elementor-icon elementor-animation-bob\">\n\t\t\t\t<svg aria-hidden=\"true\" class=\"e-font-icon-svg e-fas-syringe\" viewBox=\"0 0 512 512\" xmlns=\"http:\/\/www.w3.org\/2000\/svg\"><path d=\"M201.5 174.8l55.7 55.8c3.1 3.1 3.1 8.2 0 11.3l-11.3 11.3c-3.1 3.1-8.2 3.1-11.3 0l-55.7-55.8-45.3 45.3 55.8 55.8c3.1 3.1 3.1 8.2 0 11.3l-11.3 11.3c-3.1 3.1-8.2 3.1-11.3 0L111 265.2l-26.4 26.4c-17.3 17.3-25.6 41.1-23 65.4l7.1 63.6L2.3 487c-3.1 3.1-3.1 8.2 0 11.3l11.3 11.3c3.1 3.1 8.2 3.1 11.3 0l66.3-66.3 63.6 7.1c23.9 2.6 47.9-5.4 65.4-23l181.9-181.9-135.7-135.7-64.9 65zm308.2-93.3L430.5 2.3c-3.1-3.1-8.2-3.1-11.3 0l-11.3 11.3c-3.1 3.1-3.1 8.2 0 11.3l28.3 28.3-45.3 45.3-56.6-56.6-17-17c-3.1-3.1-8.2-3.1-11.3 0l-33.9 33.9c-3.1 3.1-3.1 8.2 0 11.3l17 17L424.8 223l17 17c3.1 3.1 8.2 3.1 11.3 0l33.9-34c3.1-3.1 3.1-8.2 0-11.3l-73.5-73.5 45.3-45.3 28.3 28.3c3.1 3.1 8.2 3.1 11.3 0l11.3-11.3c3.1-3.2 3.1-8.2 0-11.4z\"><\/path><\/svg>\t\t\t\t<\/span>\n\t\t\t<\/div>\n\t\t\t\n\t\t\t\t\t\t<div class=\"elementor-icon-box-content\">\n\n\t\t\t\t\t\t\t\t\t<h3 class=\"elementor-icon-box-title\">\n\t\t\t\t\t\t<span  >\n\t\t\t\t\t\t\tMicropigmentaci\u00f3n de Labios\t\t\t\t\t\t<\/span>\n\t\t\t\t\t<\/h3>\n\t\t\t\t\n\t\t\t\t\t\t\t\t\t<p class=\"elementor-icon-box-description\">\n\t\t\t\t\t\tCorrige asimetr\u00edas y redefine el contorno, mejorando el aspecto y la armon\u00eda de los labios. Aunque no a\u00f1ade volumen f\u00edsico, el color bien aplicado crea un efecto visual de labios m\u00e1s llenos y juveniles.\n\t\t\t\t\t<\/p>\n\t\t\t\t\n\t\t\t<\/div>\n\t\t\t\n\t\t<\/div>\n\t\t\t\t\t\t<\/div>\n\t\t\t\t<\/div>\n\t\t\t\t<div class=\"elementor-element elementor-element-f543816 elementor-view-default elementor-position-block-start elementor-mobile-position-block-start elementor-widget elementor-widget-icon-box\" data-id=\"f543816\" data-element_type=\"widget\" data-e-type=\"widget\" data-widget_type=\"icon-box.default\">\n\t\t\t\t<div class=\"elementor-widget-container\">\n\t\t\t\t\t\t\t<div class=\"elementor-icon-box-wrapper\">\n\n\t\t\t\t\t\t<div class=\"elementor-icon-box-icon\">\n\t\t\t\t<span  class=\"elementor-icon elementor-animation-bob\">\n\t\t\t\t<svg aria-hidden=\"true\" class=\"e-font-icon-svg e-far-eye\" viewBox=\"0 0 576 512\" xmlns=\"http:\/\/www.w3.org\/2000\/svg\"><path d=\"M288 144a110.94 110.94 0 0 0-31.24 5 55.4 55.4 0 0 1 7.24 27 56 56 0 0 1-56 56 55.4 55.4 0 0 1-27-7.24A111.71 111.71 0 1 0 288 144zm284.52 97.4C518.29 135.59 410.93 64 288 64S57.68 135.64 3.48 241.41a32.35 32.35 0 0 0 0 29.19C57.71 376.41 165.07 448 288 448s230.32-71.64 284.52-177.41a32.35 32.35 0 0 0 0-29.19zM288 400c-98.65 0-189.09-55-237.93-144C98.91 167 189.34 112 288 112s189.09 55 237.93 144C477.1 345 386.66 400 288 400z\"><\/path><\/svg>\t\t\t\t<\/span>\n\t\t\t<\/div>\n\t\t\t\n\t\t\t\t\t\t<div class=\"elementor-icon-box-content\">\n\n\t\t\t\t\t\t\t\t\t<h3 class=\"elementor-icon-box-title\">\n\t\t\t\t\t\t<span  >\n\t\t\t\t\t\t\tMicropigmentaci\u00f3n de Cejas\t\t\t\t\t\t<\/span>\n\t\t\t\t\t<\/h3>\n\t\t\t\t\n\t\t\t\t\t\t\t\t\t<p class=\"elementor-icon-box-description\">\n\t\t\t\t\t\tCorrige asimetr\u00edas y crea una forma de cejas que armoniza con el rostro, dando una estructura m\u00e1s equilibrada.\nSe personaliza el color y la forma de las cejas, adapt\u00e1ndolos al tono de piel y preferencias de cada persona.\n\t\t\t\t\t<\/p>\n\t\t\t\t\n\t\t\t<\/div>\n\t\t\t\n\t\t<\/div>\n\t\t\t\t\t\t<\/div>\n\t\t\t\t<\/div>\n\t\t\t\t<div class=\"elementor-element elementor-element-aea373f elementor-view-default elementor-position-block-start elementor-mobile-position-block-start elementor-widget elementor-widget-icon-box\" data-id=\"aea373f\" data-element_type=\"widget\" data-e-type=\"widget\" data-widget_type=\"icon-box.default\">\n\t\t\t\t<div class=\"elementor-widget-container\">\n\t\t\t\t\t\t\t<div class=\"elementor-icon-box-wrapper\">\n\n\t\t\t\t\t\t<div class=\"elementor-icon-box-icon\">\n\t\t\t\t<span  class=\"elementor-icon elementor-animation-bob\">\n\t\t\t\t<svg aria-hidden=\"true\" class=\"e-font-icon-svg e-fas-crutch\" viewBox=\"0 0 512 512\" xmlns=\"http:\/\/www.w3.org\/2000\/svg\"><path d=\"M507.31 185.71l-181-181a16 16 0 0 0-22.62 0L281 27.31a16 16 0 0 0 0 22.63l181 181a16 16 0 0 0 22.63 0l22.62-22.63a16 16 0 0 0 .06-22.6zm-179.54 66.41l-67.89-67.89 55.1-55.1-45.25-45.25-109.67 109.67a96.08 96.08 0 0 0-25.67 46.29L106.65 360.1l-102 102a16 16 0 0 0 0 22.63l22.62 22.62a16 16 0 0 0 22.63 0l102-102 120.25-27.75a95.88 95.88 0 0 0 46.29-25.65l109.68-109.68L382.87 197zm-54.57 54.57a32 32 0 0 1-15.45 8.54l-79.3 18.32 18.3-79.3a32.22 32.22 0 0 1 8.56-15.45l9.31-9.31 67.89 67.89z\"><\/path><\/svg>\t\t\t\t<\/span>\n\t\t\t<\/div>\n\t\t\t\n\t\t\t\t\t\t<div class=\"elementor-icon-box-content\">\n\n\t\t\t\t\t\t\t\t\t<h3 class=\"elementor-icon-box-title\">\n\t\t\t\t\t\t<span  >\n\t\t\t\t\t\t\tEliminaci\u00f3n de Micropigmentaci\u00f3n\t\t\t\t\t\t<\/span>\n\t\t\t\t\t<\/h3>\n\t\t\t\t\n\t\t\t\t\t\t\t\t\t<p class=\"elementor-icon-box-description\">\n\t\t\t\t\t\tLa eliminaci\u00f3n de micropigmentaci\u00f3n es una opci\u00f3n segura y viable para quienes desean revertir o corregir este tipo de procedimientos est\u00e9ticos. El l\u00e1ser fragmenta las part\u00edculas de pigmento, permitiendo que el cuerpo las reabsorba de forma natural.\t\t\t\t\t<\/p>\n\t\t\t\t\n\t\t\t<\/div>\n\t\t\t\n\t\t<\/div>\n\t\t\t\t\t\t<\/div>\n\t\t\t\t<\/div>\n\t\t\t\t\t<\/div>\n\t\t\t\t<\/div>\n\t\t\t\t<\/div>\n\t\t","protected":false},"excerpt":{"rendered":"<p>Porque tus labios y cejas Merecen lo Mejor Micropigmentaci\u00f3n de labios micropigmentaci\u00f3n de cejas eliminaci\u00f3n de micropigmentaci\u00f3n Top 50 Belleza y Negocios 2024 Entrenadora, ponente, autora de art\u00edculos y cursos. 1er lugar labios \u201cefecto l\u00e1piz labial\u201d\u00a0 PRO 20242do lugar Labios \u201cefecto natural\u201d PRO 20243er lugar cejas \u201cefecto polvo\u201d PRO 2024\u00a0 \u00a0 Mis alumnos trabajan y [&hellip;]<\/p>\n","protected":false},"author":3,"featured_media":0,"parent":0,"menu_order":0,"comment_status":"closed","ping_status":"closed","template":"","meta":{"footnotes":""},"class_list":["post-2","page","type-page","status-publish","hentry"],"yoast_head":"<!-- This site is optimized with the Yoast SEO plugin v27.5 - https:\/\/yoast.com\/product\/yoast-seo-wordpress\/ -->\n<title>Inicio - Malkovich<\/title>\n<meta name=\"robots\" content=\"index, follow, max-snippet:-1, max-image-preview:large, max-video-preview:-1\" \/>\n<link rel=\"canonical\" href=\"https:\/\/malkovich.es\/en\/\" \/>\n<meta property=\"og:locale\" content=\"en_GB\" \/>\n<meta property=\"og:type\" content=\"article\" \/>\n<meta property=\"og:title\" content=\"Inicio - Malkovich\" \/>\n<meta property=\"og:description\" content=\"Porque tus labios y cejas Merecen lo Mejor Micropigmentaci\u00f3n de labios micropigmentaci\u00f3n de cejas eliminaci\u00f3n de micropigmentaci\u00f3n Top 50 Belleza y Negocios 2024 Entrenadora, ponente, autora de art\u00edculos y cursos. 1er lugar labios \u201cefecto l\u00e1piz labial\u201d\u00a0 PRO 20242do lugar Labios \u201cefecto natural\u201d PRO 20243er lugar cejas \u201cefecto polvo\u201d PRO 2024\u00a0 \u00a0 Mis alumnos trabajan y [&hellip;]\" \/>\n<meta property=\"og:url\" content=\"https:\/\/malkovich.es\/en\/\" \/>\n<meta property=\"og:site_name\" content=\"Malkovich\" \/>\n<meta property=\"article:modified_time\" content=\"2024-11-13T16:07:49+00:00\" \/>\n<meta property=\"og:image\" content=\"https:\/\/malkovich.es\/wp-content\/uploads\/2024\/11\/veronicaMalkovich.jpg\" \/>\n\t<meta property=\"og:image:width\" content=\"1536\" \/>\n\t<meta property=\"og:image:height\" content=\"1536\" \/>\n\t<meta property=\"og:image:type\" content=\"image\/jpeg\" \/>\n<meta name=\"twitter:card\" content=\"summary_large_image\" \/>\n<meta name=\"twitter:label1\" content=\"Estimated reading time\" \/>\n\t<meta name=\"twitter:data1\" content=\"1 minute\" \/>\n<script type=\"application\/ld+json\" class=\"yoast-schema-graph\">{\"@context\":\"https:\\\/\\\/schema.org\",\"@graph\":[{\"@type\":\"WebPage\",\"@id\":\"https:\\\/\\\/malkovich.es\\\/\",\"url\":\"https:\\\/\\\/malkovich.es\\\/\",\"name\":\"Inicio - Malkovich\",\"isPartOf\":{\"@id\":\"https:\\\/\\\/malkovich.es\\\/#website\"},\"primaryImageOfPage\":{\"@id\":\"https:\\\/\\\/malkovich.es\\\/#primaryimage\"},\"image\":{\"@id\":\"https:\\\/\\\/malkovich.es\\\/#primaryimage\"},\"thumbnailUrl\":\"https:\\\/\\\/malkovich.es\\\/wp-content\\\/uploads\\\/2024\\\/11\\\/veronicaMalkovich.jpg\",\"datePublished\":\"2024-09-23T16:02:06+00:00\",\"dateModified\":\"2024-11-13T16:07:49+00:00\",\"breadcrumb\":{\"@id\":\"https:\\\/\\\/malkovich.es\\\/#breadcrumb\"},\"inLanguage\":\"en-GB\",\"potentialAction\":[{\"@type\":\"ReadAction\",\"target\":[\"https:\\\/\\\/malkovich.es\\\/\"]}]},{\"@type\":\"ImageObject\",\"inLanguage\":\"en-GB\",\"@id\":\"https:\\\/\\\/malkovich.es\\\/#primaryimage\",\"url\":\"https:\\\/\\\/malkovich.es\\\/wp-content\\\/uploads\\\/2024\\\/11\\\/veronicaMalkovich.jpg\",\"contentUrl\":\"https:\\\/\\\/malkovich.es\\\/wp-content\\\/uploads\\\/2024\\\/11\\\/veronicaMalkovich.jpg\"},{\"@type\":\"BreadcrumbList\",\"@id\":\"https:\\\/\\\/malkovich.es\\\/#breadcrumb\",\"itemListElement\":[{\"@type\":\"ListItem\",\"position\":1,\"name\":\"Portada\",\"item\":\"https:\\\/\\\/malkovich.es\\\/\"},{\"@type\":\"ListItem\",\"position\":2,\"name\":\"Inicio\"}]},{\"@type\":\"WebSite\",\"@id\":\"https:\\\/\\\/malkovich.es\\\/#website\",\"url\":\"https:\\\/\\\/malkovich.es\\\/\",\"name\":\"Malkovich\",\"description\":\"Micropigmentacion\",\"publisher\":{\"@id\":\"https:\\\/\\\/malkovich.es\\\/#organization\"},\"potentialAction\":[{\"@type\":\"SearchAction\",\"target\":{\"@type\":\"EntryPoint\",\"urlTemplate\":\"https:\\\/\\\/malkovich.es\\\/?s={search_term_string}\"},\"query-input\":{\"@type\":\"PropertyValueSpecification\",\"valueRequired\":true,\"valueName\":\"search_term_string\"}}],\"inLanguage\":\"en-GB\"},{\"@type\":\"Organization\",\"@id\":\"https:\\\/\\\/malkovich.es\\\/#organization\",\"name\":\"Malkovich\",\"url\":\"https:\\\/\\\/malkovich.es\\\/\",\"logo\":{\"@type\":\"ImageObject\",\"inLanguage\":\"en-GB\",\"@id\":\"https:\\\/\\\/malkovich.es\\\/#\\\/schema\\\/logo\\\/image\\\/\",\"url\":\"https:\\\/\\\/malkovich.es\\\/wp-content\\\/uploads\\\/2024\\\/11\\\/cropped-M-1-1.png\",\"contentUrl\":\"https:\\\/\\\/malkovich.es\\\/wp-content\\\/uploads\\\/2024\\\/11\\\/cropped-M-1-1.png\",\"width\":500,\"height\":500,\"caption\":\"Malkovich\"},\"image\":{\"@id\":\"https:\\\/\\\/malkovich.es\\\/#\\\/schema\\\/logo\\\/image\\\/\"}}]}<\/script>\n<!-- \/ Yoast SEO plugin. -->","yoast_head_json":{"title":"Inicio - Malkovich","robots":{"index":"index","follow":"follow","max-snippet":"max-snippet:-1","max-image-preview":"max-image-preview:large","max-video-preview":"max-video-preview:-1"},"canonical":"https:\/\/malkovich.es\/en\/","og_locale":"en_GB","og_type":"article","og_title":"Inicio - Malkovich","og_description":"Porque tus labios y cejas Merecen lo Mejor Micropigmentaci\u00f3n de labios micropigmentaci\u00f3n de cejas eliminaci\u00f3n de micropigmentaci\u00f3n Top 50 Belleza y Negocios 2024 Entrenadora, ponente, autora de art\u00edculos y cursos. 1er lugar labios \u201cefecto l\u00e1piz labial\u201d\u00a0 PRO 20242do lugar Labios \u201cefecto natural\u201d PRO 20243er lugar cejas \u201cefecto polvo\u201d PRO 2024\u00a0 \u00a0 Mis alumnos trabajan y [&hellip;]","og_url":"https:\/\/malkovich.es\/en\/","og_site_name":"Malkovich","article_modified_time":"2024-11-13T16:07:49+00:00","og_image":[{"width":1536,"height":1536,"url":"https:\/\/malkovich.es\/wp-content\/uploads\/2024\/11\/veronicaMalkovich.jpg","type":"image\/jpeg"}],"twitter_card":"summary_large_image","twitter_misc":{"Estimated reading time":"1 minute"},"schema":{"@context":"https:\/\/schema.org","@graph":[{"@type":"WebPage","@id":"https:\/\/malkovich.es\/","url":"https:\/\/malkovich.es\/","name":"Inicio - Malkovich","isPartOf":{"@id":"https:\/\/malkovich.es\/#website"},"primaryImageOfPage":{"@id":"https:\/\/malkovich.es\/#primaryimage"},"image":{"@id":"https:\/\/malkovich.es\/#primaryimage"},"thumbnailUrl":"https:\/\/malkovich.es\/wp-content\/uploads\/2024\/11\/veronicaMalkovich.jpg","datePublished":"2024-09-23T16:02:06+00:00","dateModified":"2024-11-13T16:07:49+00:00","breadcrumb":{"@id":"https:\/\/malkovich.es\/#breadcrumb"},"inLanguage":"en-GB","potentialAction":[{"@type":"ReadAction","target":["https:\/\/malkovich.es\/"]}]},{"@type":"ImageObject","inLanguage":"en-GB","@id":"https:\/\/malkovich.es\/#primaryimage","url":"https:\/\/malkovich.es\/wp-content\/uploads\/2024\/11\/veronicaMalkovich.jpg","contentUrl":"https:\/\/malkovich.es\/wp-content\/uploads\/2024\/11\/veronicaMalkovich.jpg"},{"@type":"BreadcrumbList","@id":"https:\/\/malkovich.es\/#breadcrumb","itemListElement":[{"@type":"ListItem","position":1,"name":"Portada","item":"https:\/\/malkovich.es\/"},{"@type":"ListItem","position":2,"name":"Inicio"}]},{"@type":"WebSite","@id":"https:\/\/malkovich.es\/#website","url":"https:\/\/malkovich.es\/","name":"Malkovich","description":"Micropigmentacion","publisher":{"@id":"https:\/\/malkovich.es\/#organization"},"potentialAction":[{"@type":"SearchAction","target":{"@type":"EntryPoint","urlTemplate":"https:\/\/malkovich.es\/?s={search_term_string}"},"query-input":{"@type":"PropertyValueSpecification","valueRequired":true,"valueName":"search_term_string"}}],"inLanguage":"en-GB"},{"@type":"Organization","@id":"https:\/\/malkovich.es\/#organization","name":"Malkovich","url":"https:\/\/malkovich.es\/","logo":{"@type":"ImageObject","inLanguage":"en-GB","@id":"https:\/\/malkovich.es\/#\/schema\/logo\/image\/","url":"https:\/\/malkovich.es\/wp-content\/uploads\/2024\/11\/cropped-M-1-1.png","contentUrl":"https:\/\/malkovich.es\/wp-content\/uploads\/2024\/11\/cropped-M-1-1.png","width":500,"height":500,"caption":"Malkovich"},"image":{"@id":"https:\/\/malkovich.es\/#\/schema\/logo\/image\/"}}]}},"_links":{"self":[{"href":"https:\/\/malkovich.es\/en\/wp-json\/wp\/v2\/pages\/2","targetHints":{"allow":["GET"]}}],"collection":[{"href":"https:\/\/malkovich.es\/en\/wp-json\/wp\/v2\/pages"}],"about":[{"href":"https:\/\/malkovich.es\/en\/wp-json\/wp\/v2\/types\/page"}],"author":[{"embeddable":true,"href":"https:\/\/malkovich.es\/en\/wp-json\/wp\/v2\/users\/3"}],"replies":[{"embeddable":true,"href":"https:\/\/malkovich.es\/en\/wp-json\/wp\/v2\/comments?post=2"}],"version-history":[{"count":323,"href":"https:\/\/malkovich.es\/en\/wp-json\/wp\/v2\/pages\/2\/revisions"}],"predecessor-version":[{"id":1153,"href":"https:\/\/malkovich.es\/en\/wp-json\/wp\/v2\/pages\/2\/revisions\/1153"}],"wp:attachment":[{"href":"https:\/\/malkovich.es\/en\/wp-json\/wp\/v2\/media?parent=2"}],"curies":[{"name":"wp","href":"https:\/\/api.w.org\/{rel}","templated":true}]}}