{"id":31,"date":"2024-09-25T14:34:37","date_gmt":"2024-09-25T14:34:37","guid":{"rendered":"https:\/\/itaraoro.rkinformatika.online\/?page_id=31"},"modified":"2024-11-13T16:18:09","modified_gmt":"2024-11-13T16:18:09","slug":"servicios","status":"publish","type":"page","link":"https:\/\/malkovich.es\/en\/servicios\/","title":{"rendered":"Services"},"content":{"rendered":"<div data-elementor-type=\"wp-page\" data-elementor-id=\"31\" class=\"elementor elementor-31\" data-elementor-post-type=\"page\">\n\t\t\t\t<div class=\"elementor-element elementor-element-ea9ebb7 e-con-full e-flex e-con e-parent\" data-id=\"ea9ebb7\" data-element_type=\"container\" data-e-type=\"container\" data-settings=\"{&quot;background_background&quot;:&quot;classic&quot;}\">\n\t\t\t\t<\/div>\n\t\t<div class=\"elementor-element elementor-element-85f9883 e-flex e-con-boxed e-con e-parent\" data-id=\"85f9883\" data-element_type=\"container\" data-e-type=\"container\">\n\t\t\t\t\t<div class=\"e-con-inner\">\n\t\t\t\t<div class=\"elementor-element elementor-element-4e31f5e elementor-widget elementor-widget-heading\" data-id=\"4e31f5e\" data-element_type=\"widget\" data-e-type=\"widget\" data-widget_type=\"heading.default\">\n\t\t\t\t<div class=\"elementor-widget-container\">\n\t\t\t\t\t<h1 class=\"elementor-heading-title elementor-size-default\">Nuestros Servicios: <br>Cuida y Transforma Tus labios y cejas<\/h1>\t\t\t\t<\/div>\n\t\t\t\t<\/div>\n\t\t\t\t\t<\/div>\n\t\t\t\t<\/div>\n\t\t<div class=\"elementor-element elementor-element-026f8e2 e-flex e-con-boxed e-con e-parent\" data-id=\"026f8e2\" data-element_type=\"container\" data-e-type=\"container\">\n\t\t\t\t\t<div class=\"e-con-inner\">\n\t\t<div class=\"elementor-element elementor-element-fc29550 e-con-full e-flex e-con e-child\" data-id=\"fc29550\" data-element_type=\"container\" data-e-type=\"container\" data-settings=\"{&quot;background_background&quot;:&quot;classic&quot;}\">\n\t\t\t\t<\/div>\n\t\t<div class=\"elementor-element elementor-element-89a498b e-con-full e-flex e-con e-child\" data-id=\"89a498b\" data-element_type=\"container\" data-e-type=\"container\" data-settings=\"{&quot;background_background&quot;:&quot;classic&quot;}\">\n\t\t\t\t<\/div>\n\t\t<div class=\"elementor-element elementor-element-3ffbbc2 e-con-full e-flex e-con e-child\" data-id=\"3ffbbc2\" data-element_type=\"container\" data-e-type=\"container\" data-settings=\"{&quot;background_background&quot;:&quot;classic&quot;}\">\n\t\t\t\t<\/div>\n\t\t<div class=\"elementor-element elementor-element-931cb64 e-con-full e-flex e-con e-child\" data-id=\"931cb64\" data-element_type=\"container\" data-e-type=\"container\" data-settings=\"{&quot;background_background&quot;:&quot;classic&quot;}\">\n\t\t\t\t<\/div>\n\t\t<div class=\"elementor-element elementor-element-de26191 e-con-full e-flex e-con e-child\" data-id=\"de26191\" data-element_type=\"container\" data-e-type=\"container\" data-settings=\"{&quot;background_background&quot;:&quot;classic&quot;}\">\n\t\t\t\t<\/div>\n\t\t\t\t\t<\/div>\n\t\t\t\t<\/div>\n\t\t<div class=\"elementor-element elementor-element-c7396f1 e-flex e-con-boxed e-con e-parent\" data-id=\"c7396f1\" data-element_type=\"container\" data-e-type=\"container\" data-settings=\"{&quot;background_background&quot;:&quot;classic&quot;}\">\n\t\t\t\t\t<div class=\"e-con-inner\">\n\t\t\t\t<div class=\"elementor-element elementor-element-ae63abf elementor-widget elementor-widget-heading\" data-id=\"ae63abf\" data-element_type=\"widget\" data-e-type=\"widget\" data-widget_type=\"heading.default\">\n\t\t\t\t<div class=\"elementor-widget-container\">\n\t\t\t\t\t<h2 class=\"elementor-heading-title elementor-size-default\">Servicios Pensados para Ti<\/h2>\t\t\t\t<\/div>\n\t\t\t\t<\/div>\n\t\t\t\t\t<\/div>\n\t\t\t\t<\/div>\n\t\t<div class=\"elementor-element elementor-element-94feea1 e-flex e-con-boxed e-con e-parent\" data-id=\"94feea1\" data-element_type=\"container\" data-e-type=\"container\" data-settings=\"{&quot;background_background&quot;:&quot;classic&quot;}\">\n\t\t\t\t\t<div class=\"e-con-inner\">\n\t\t<div class=\"elementor-element elementor-element-f010642 e-con-full e-flex e-con e-child\" data-id=\"f010642\" data-element_type=\"container\" data-e-type=\"container\" data-settings=\"{&quot;background_background&quot;:&quot;classic&quot;}\">\n\t\t\t\t<div class=\"elementor-element elementor-element-fcf4e81 elementor-position-top elementor-widget elementor-widget-image-box\" data-id=\"fcf4e81\" data-element_type=\"widget\" data-e-type=\"widget\" data-widget_type=\"image-box.default\">\n\t\t\t\t<div class=\"elementor-widget-container\">\n\t\t\t\t\t<div class=\"elementor-image-box-wrapper\"><figure class=\"elementor-image-box-img\"><img fetchpriority=\"high\" decoding=\"async\" width=\"659\" height=\"642\" src=\"https:\/\/malkovich.es\/wp-content\/uploads\/2024\/11\/Captura-desde-2024-11-13-14-04-26.png\" class=\"elementor-animation-bob attachment-full size-full wp-image-998\" alt=\"\" srcset=\"https:\/\/malkovich.es\/wp-content\/uploads\/2024\/11\/Captura-desde-2024-11-13-14-04-26.png 659w, https:\/\/malkovich.es\/wp-content\/uploads\/2024\/11\/Captura-desde-2024-11-13-14-04-26-300x292.png 300w, https:\/\/malkovich.es\/wp-content\/uploads\/2024\/11\/Captura-desde-2024-11-13-14-04-26-12x12.png 12w\" sizes=\"(max-width: 659px) 100vw, 659px\" \/><\/figure><div class=\"elementor-image-box-content\"><h3 class=\"elementor-image-box-title\">Lip Micropigmentation<\/h3><p class=\"elementor-image-box-description\">La micropigmentaci\u00f3n de labios es un tratamiento est\u00e9tico que consiste en aplicar pigmentos naturales en la capa superficial de la piel de los labios, con el objetivo de realzar su color, definir su contorno y dar una apariencia m\u00e1s volum\u00e9trica y sim\u00e9trica. Este procedimiento es ideal para quienes desean lucir unos labios siempre definidos y con un color saludable, sin tener que depender del maquillaje diario.\n\n<\/p><\/div><\/div>\t\t\t\t<\/div>\n\t\t\t\t<\/div>\n\t\t\t\t<div class=\"elementor-element elementor-element-8a0eb0d elementor-align-center elementor-widget elementor-widget-button\" data-id=\"8a0eb0d\" data-element_type=\"widget\" data-e-type=\"widget\" data-widget_type=\"button.default\">\n\t\t\t\t<div class=\"elementor-widget-container\">\n\t\t\t\t\t\t\t\t\t<div class=\"elementor-button-wrapper\">\n\t\t\t\t\t<a class=\"elementor-button elementor-button-link elementor-size-sm\" href=\"https:\/\/malkovich.es\/en\/contacto\/\">\n\t\t\t\t\t\t<span class=\"elementor-button-content-wrapper\">\n\t\t\t\t\t\t\t\t\t<span class=\"elementor-button-text\">Agendar Cita<\/span>\n\t\t\t\t\t<\/span>\n\t\t\t\t\t<\/a>\n\t\t\t\t<\/div>\n\t\t\t\t\t\t\t\t<\/div>\n\t\t\t\t<\/div>\n\t\t\t\t<\/div>\n\t\t<div class=\"elementor-element elementor-element-3794a01 e-con-full e-flex e-con e-child\" data-id=\"3794a01\" data-element_type=\"container\" data-e-type=\"container\" data-settings=\"{&quot;background_background&quot;:&quot;classic&quot;}\">\n\t\t\t\t<div class=\"elementor-element elementor-element-c5016b6 elementor-position-top elementor-widget elementor-widget-image-box\" data-id=\"c5016b6\" data-element_type=\"widget\" data-e-type=\"widget\" data-widget_type=\"image-box.default\">\n\t\t\t\t<div class=\"elementor-widget-container\">\n\t\t\t\t\t<div class=\"elementor-image-box-wrapper\"><figure class=\"elementor-image-box-img\"><img decoding=\"async\" width=\"1080\" height=\"1080\" src=\"https:\/\/malkovich.es\/wp-content\/uploads\/2024\/11\/15.png\" class=\"elementor-animation-bob attachment-full size-full wp-image-832\" alt=\"\" srcset=\"https:\/\/malkovich.es\/wp-content\/uploads\/2024\/11\/15.png 1080w, https:\/\/malkovich.es\/wp-content\/uploads\/2024\/11\/15-300x300.png 300w, https:\/\/malkovich.es\/wp-content\/uploads\/2024\/11\/15-1024x1024.png 1024w, https:\/\/malkovich.es\/wp-content\/uploads\/2024\/11\/15-150x150.png 150w, https:\/\/malkovich.es\/wp-content\/uploads\/2024\/11\/15-768x768.png 768w, https:\/\/malkovich.es\/wp-content\/uploads\/2024\/11\/15-12x12.png 12w, https:\/\/malkovich.es\/wp-content\/uploads\/2024\/11\/elementor\/thumbs\/15-qwyj8rw5alt8vcnl86jhdtt35milatvw7ll5jwx5zc.png 500w, https:\/\/malkovich.es\/wp-content\/uploads\/2024\/11\/elementor\/thumbs\/15-qwyj8rw8y66jpd4sgx4zq2c69n5ha3j1uzco04cu2o.png 800w\" sizes=\"(max-width: 1080px) 100vw, 1080px\" \/><\/figure><div class=\"elementor-image-box-content\"><h3 class=\"elementor-image-box-title\">Eyebrow Micropigmentation<\/h3><p class=\"elementor-image-box-description\">La micropigmentaci\u00f3n de cejas es una t\u00e9cnica est\u00e9tica semipermanente que consiste en aplicar pigmento en la capa superficial de la piel para definir, rellenar y dar forma a las cejas. Es una soluci\u00f3n ideal para personas con cejas finas, asim\u00e9tricas o poco definidas, ya que permite conseguir un aspecto m\u00e1s completo y natural sin tener que maquillarlas diariamente.<\/p><\/div><\/div>\t\t\t\t<\/div>\n\t\t\t\t<\/div>\n\t\t\t\t<div class=\"elementor-element elementor-element-1c2faf1 elementor-align-center elementor-widget elementor-widget-button\" data-id=\"1c2faf1\" data-element_type=\"widget\" data-e-type=\"widget\" data-widget_type=\"button.default\">\n\t\t\t\t<div class=\"elementor-widget-container\">\n\t\t\t\t\t\t\t\t\t<div class=\"elementor-button-wrapper\">\n\t\t\t\t\t<a class=\"elementor-button elementor-button-link elementor-size-sm\" href=\"https:\/\/malkovich.es\/en\/contacto\/\">\n\t\t\t\t\t\t<span class=\"elementor-button-content-wrapper\">\n\t\t\t\t\t\t\t\t\t<span class=\"elementor-button-text\">Agendar Cita<\/span>\n\t\t\t\t\t<\/span>\n\t\t\t\t\t<\/a>\n\t\t\t\t<\/div>\n\t\t\t\t\t\t\t\t<\/div>\n\t\t\t\t<\/div>\n\t\t\t\t<\/div>\n\t\t<div class=\"elementor-element elementor-element-4b4abd9 e-con-full e-flex e-con e-child\" data-id=\"4b4abd9\" data-element_type=\"container\" data-e-type=\"container\" data-settings=\"{&quot;background_background&quot;:&quot;classic&quot;}\">\n\t\t\t\t<div class=\"elementor-element elementor-element-d997d1e elementor-position-top elementor-widget elementor-widget-image-box\" data-id=\"d997d1e\" data-element_type=\"widget\" data-e-type=\"widget\" data-widget_type=\"image-box.default\">\n\t\t\t\t<div class=\"elementor-widget-container\">\n\t\t\t\t\t<div class=\"elementor-image-box-wrapper\"><figure class=\"elementor-image-box-img\"><img decoding=\"async\" width=\"862\" height=\"754\" src=\"https:\/\/malkovich.es\/wp-content\/uploads\/2024\/11\/Captura-desde-2024-11-13-12-52-24.png\" class=\"elementor-animation-bob attachment-full size-full wp-image-954\" alt=\"\" srcset=\"https:\/\/malkovich.es\/wp-content\/uploads\/2024\/11\/Captura-desde-2024-11-13-12-52-24.png 862w, https:\/\/malkovich.es\/wp-content\/uploads\/2024\/11\/Captura-desde-2024-11-13-12-52-24-300x262.png 300w, https:\/\/malkovich.es\/wp-content\/uploads\/2024\/11\/Captura-desde-2024-11-13-12-52-24-768x672.png 768w, https:\/\/malkovich.es\/wp-content\/uploads\/2024\/11\/Captura-desde-2024-11-13-12-52-24-14x12.png 14w\" sizes=\"(max-width: 862px) 100vw, 862px\" \/><\/figure><div class=\"elementor-image-box-content\"><h3 class=\"elementor-image-box-title\">Micropigmentation Removal<\/h3><p class=\"elementor-image-box-description\">La eliminaci\u00f3n de micropigmentaci\u00f3n es un procedimiento destinado a eliminar o corregir pigmentos previamente aplicados en tratamientos de cejas, labios o eyeliner que ya no cumplen con las expectativas del cliente. Esto puede deberse a un cambio en el gusto est\u00e9tico, a un trabajo que no se ve natural, o a una variaci\u00f3n en el color con el tiempo.<\/p><\/div><\/div>\t\t\t\t<\/div>\n\t\t\t\t<\/div>\n\t\t\t\t<div class=\"elementor-element elementor-element-9024117 elementor-align-center elementor-widget elementor-widget-button\" data-id=\"9024117\" data-element_type=\"widget\" data-e-type=\"widget\" data-widget_type=\"button.default\">\n\t\t\t\t<div class=\"elementor-widget-container\">\n\t\t\t\t\t\t\t\t\t<div class=\"elementor-button-wrapper\">\n\t\t\t\t\t<a class=\"elementor-button elementor-button-link elementor-size-sm\" href=\"https:\/\/malkovich.es\/en\/contacto\/\">\n\t\t\t\t\t\t<span class=\"elementor-button-content-wrapper\">\n\t\t\t\t\t\t\t\t\t<span class=\"elementor-button-text\">Agendar Cita<\/span>\n\t\t\t\t\t<\/span>\n\t\t\t\t\t<\/a>\n\t\t\t\t<\/div>\n\t\t\t\t\t\t\t\t<\/div>\n\t\t\t\t<\/div>\n\t\t\t\t<\/div>\n\t\t\t\t\t<\/div>\n\t\t\t\t<\/div>\n\t\t\t\t<\/div>","protected":false},"excerpt":{"rendered":"<p>Nuestros Servicios: Cuida y Transforma Tus labios y cejas Servicios Pensados para Ti Micropigmentaci\u00f3n de Labios La micropigmentaci\u00f3n de labios es un tratamiento est\u00e9tico que consiste en aplicar pigmentos naturales en la capa superficial de la piel de los labios, con el objetivo de realzar su color, definir su contorno y dar una apariencia m\u00e1s [&hellip;]<\/p>\n","protected":false},"author":3,"featured_media":0,"parent":0,"menu_order":0,"comment_status":"closed","ping_status":"closed","template":"","meta":{"footnotes":""},"class_list":["post-31","page","type-page","status-publish","hentry"],"yoast_head":"<!-- This site is optimized with the Yoast SEO plugin v27.5 - https:\/\/yoast.com\/product\/yoast-seo-wordpress\/ -->\n<title>Servicios - Malkovich<\/title>\n<meta name=\"robots\" content=\"index, follow, max-snippet:-1, max-image-preview:large, max-video-preview:-1\" \/>\n<link rel=\"canonical\" href=\"https:\/\/malkovich.es\/en\/servicios\/\" \/>\n<meta property=\"og:locale\" content=\"en_GB\" \/>\n<meta property=\"og:type\" content=\"article\" \/>\n<meta property=\"og:title\" content=\"Servicios - Malkovich\" \/>\n<meta property=\"og:description\" content=\"Nuestros Servicios: Cuida y Transforma Tus labios y cejas Servicios Pensados para Ti Micropigmentaci\u00f3n de Labios La micropigmentaci\u00f3n de labios es un tratamiento est\u00e9tico que consiste en aplicar pigmentos naturales en la capa superficial de la piel de los labios, con el objetivo de realzar su color, definir su contorno y dar una apariencia m\u00e1s [&hellip;]\" \/>\n<meta property=\"og:url\" content=\"https:\/\/malkovich.es\/en\/servicios\/\" \/>\n<meta property=\"og:site_name\" content=\"Malkovich\" \/>\n<meta property=\"article:modified_time\" content=\"2024-11-13T16:18:09+00:00\" \/>\n<meta property=\"og:image\" content=\"https:\/\/malkovich.es\/wp-content\/uploads\/2024\/11\/Captura-desde-2024-11-13-14-04-26.png\" \/>\n\t<meta property=\"og:image:width\" content=\"659\" \/>\n\t<meta property=\"og:image:height\" content=\"642\" \/>\n\t<meta property=\"og:image:type\" content=\"image\/png\" \/>\n<meta name=\"twitter:card\" content=\"summary_large_image\" \/>\n<meta name=\"twitter:label1\" content=\"Estimated reading time\" \/>\n\t<meta name=\"twitter:data1\" content=\"2 minutes\" \/>\n<script type=\"application\/ld+json\" class=\"yoast-schema-graph\">{\"@context\":\"https:\\\/\\\/schema.org\",\"@graph\":[{\"@type\":\"WebPage\",\"@id\":\"https:\\\/\\\/malkovich.es\\\/servicios\\\/\",\"url\":\"https:\\\/\\\/malkovich.es\\\/servicios\\\/\",\"name\":\"Servicios - Malkovich\",\"isPartOf\":{\"@id\":\"https:\\\/\\\/malkovich.es\\\/#website\"},\"primaryImageOfPage\":{\"@id\":\"https:\\\/\\\/malkovich.es\\\/servicios\\\/#primaryimage\"},\"image\":{\"@id\":\"https:\\\/\\\/malkovich.es\\\/servicios\\\/#primaryimage\"},\"thumbnailUrl\":\"https:\\\/\\\/malkovich.es\\\/wp-content\\\/uploads\\\/2024\\\/11\\\/Captura-desde-2024-11-13-14-04-26.png\",\"datePublished\":\"2024-09-25T14:34:37+00:00\",\"dateModified\":\"2024-11-13T16:18:09+00:00\",\"breadcrumb\":{\"@id\":\"https:\\\/\\\/malkovich.es\\\/servicios\\\/#breadcrumb\"},\"inLanguage\":\"en-GB\",\"potentialAction\":[{\"@type\":\"ReadAction\",\"target\":[\"https:\\\/\\\/malkovich.es\\\/servicios\\\/\"]}]},{\"@type\":\"ImageObject\",\"inLanguage\":\"en-GB\",\"@id\":\"https:\\\/\\\/malkovich.es\\\/servicios\\\/#primaryimage\",\"url\":\"https:\\\/\\\/malkovich.es\\\/wp-content\\\/uploads\\\/2024\\\/11\\\/Captura-desde-2024-11-13-14-04-26.png\",\"contentUrl\":\"https:\\\/\\\/malkovich.es\\\/wp-content\\\/uploads\\\/2024\\\/11\\\/Captura-desde-2024-11-13-14-04-26.png\"},{\"@type\":\"BreadcrumbList\",\"@id\":\"https:\\\/\\\/malkovich.es\\\/servicios\\\/#breadcrumb\",\"itemListElement\":[{\"@type\":\"ListItem\",\"position\":1,\"name\":\"Portada\",\"item\":\"https:\\\/\\\/malkovich.es\\\/\"},{\"@type\":\"ListItem\",\"position\":2,\"name\":\"Servicios\"}]},{\"@type\":\"WebSite\",\"@id\":\"https:\\\/\\\/malkovich.es\\\/#website\",\"url\":\"https:\\\/\\\/malkovich.es\\\/\",\"name\":\"Malkovich\",\"description\":\"Micropigmentacion\",\"publisher\":{\"@id\":\"https:\\\/\\\/malkovich.es\\\/#organization\"},\"potentialAction\":[{\"@type\":\"SearchAction\",\"target\":{\"@type\":\"EntryPoint\",\"urlTemplate\":\"https:\\\/\\\/malkovich.es\\\/?s={search_term_string}\"},\"query-input\":{\"@type\":\"PropertyValueSpecification\",\"valueRequired\":true,\"valueName\":\"search_term_string\"}}],\"inLanguage\":\"en-GB\"},{\"@type\":\"Organization\",\"@id\":\"https:\\\/\\\/malkovich.es\\\/#organization\",\"name\":\"Malkovich\",\"url\":\"https:\\\/\\\/malkovich.es\\\/\",\"logo\":{\"@type\":\"ImageObject\",\"inLanguage\":\"en-GB\",\"@id\":\"https:\\\/\\\/malkovich.es\\\/#\\\/schema\\\/logo\\\/image\\\/\",\"url\":\"https:\\\/\\\/malkovich.es\\\/wp-content\\\/uploads\\\/2024\\\/11\\\/cropped-M-1-1.png\",\"contentUrl\":\"https:\\\/\\\/malkovich.es\\\/wp-content\\\/uploads\\\/2024\\\/11\\\/cropped-M-1-1.png\",\"width\":500,\"height\":500,\"caption\":\"Malkovich\"},\"image\":{\"@id\":\"https:\\\/\\\/malkovich.es\\\/#\\\/schema\\\/logo\\\/image\\\/\"}}]}<\/script>\n<!-- \/ Yoast SEO plugin. -->","yoast_head_json":{"title":"Servicios - Malkovich","robots":{"index":"index","follow":"follow","max-snippet":"max-snippet:-1","max-image-preview":"max-image-preview:large","max-video-preview":"max-video-preview:-1"},"canonical":"https:\/\/malkovich.es\/en\/servicios\/","og_locale":"en_GB","og_type":"article","og_title":"Servicios - Malkovich","og_description":"Nuestros Servicios: Cuida y Transforma Tus labios y cejas Servicios Pensados para Ti Micropigmentaci\u00f3n de Labios La micropigmentaci\u00f3n de labios es un tratamiento est\u00e9tico que consiste en aplicar pigmentos naturales en la capa superficial de la piel de los labios, con el objetivo de realzar su color, definir su contorno y dar una apariencia m\u00e1s [&hellip;]","og_url":"https:\/\/malkovich.es\/en\/servicios\/","og_site_name":"Malkovich","article_modified_time":"2024-11-13T16:18:09+00:00","og_image":[{"width":659,"height":642,"url":"https:\/\/malkovich.es\/wp-content\/uploads\/2024\/11\/Captura-desde-2024-11-13-14-04-26.png","type":"image\/png"}],"twitter_card":"summary_large_image","twitter_misc":{"Estimated reading time":"2 minutes"},"schema":{"@context":"https:\/\/schema.org","@graph":[{"@type":"WebPage","@id":"https:\/\/malkovich.es\/servicios\/","url":"https:\/\/malkovich.es\/servicios\/","name":"Servicios - Malkovich","isPartOf":{"@id":"https:\/\/malkovich.es\/#website"},"primaryImageOfPage":{"@id":"https:\/\/malkovich.es\/servicios\/#primaryimage"},"image":{"@id":"https:\/\/malkovich.es\/servicios\/#primaryimage"},"thumbnailUrl":"https:\/\/malkovich.es\/wp-content\/uploads\/2024\/11\/Captura-desde-2024-11-13-14-04-26.png","datePublished":"2024-09-25T14:34:37+00:00","dateModified":"2024-11-13T16:18:09+00:00","breadcrumb":{"@id":"https:\/\/malkovich.es\/servicios\/#breadcrumb"},"inLanguage":"en-GB","potentialAction":[{"@type":"ReadAction","target":["https:\/\/malkovich.es\/servicios\/"]}]},{"@type":"ImageObject","inLanguage":"en-GB","@id":"https:\/\/malkovich.es\/servicios\/#primaryimage","url":"https:\/\/malkovich.es\/wp-content\/uploads\/2024\/11\/Captura-desde-2024-11-13-14-04-26.png","contentUrl":"https:\/\/malkovich.es\/wp-content\/uploads\/2024\/11\/Captura-desde-2024-11-13-14-04-26.png"},{"@type":"BreadcrumbList","@id":"https:\/\/malkovich.es\/servicios\/#breadcrumb","itemListElement":[{"@type":"ListItem","position":1,"name":"Portada","item":"https:\/\/malkovich.es\/"},{"@type":"ListItem","position":2,"name":"Servicios"}]},{"@type":"WebSite","@id":"https:\/\/malkovich.es\/#website","url":"https:\/\/malkovich.es\/","name":"Malkovich","description":"Micropigmentacion","publisher":{"@id":"https:\/\/malkovich.es\/#organization"},"potentialAction":[{"@type":"SearchAction","target":{"@type":"EntryPoint","urlTemplate":"https:\/\/malkovich.es\/?s={search_term_string}"},"query-input":{"@type":"PropertyValueSpecification","valueRequired":true,"valueName":"search_term_string"}}],"inLanguage":"en-GB"},{"@type":"Organization","@id":"https:\/\/malkovich.es\/#organization","name":"Malkovich","url":"https:\/\/malkovich.es\/","logo":{"@type":"ImageObject","inLanguage":"en-GB","@id":"https:\/\/malkovich.es\/#\/schema\/logo\/image\/","url":"https:\/\/malkovich.es\/wp-content\/uploads\/2024\/11\/cropped-M-1-1.png","contentUrl":"https:\/\/malkovich.es\/wp-content\/uploads\/2024\/11\/cropped-M-1-1.png","width":500,"height":500,"caption":"Malkovich"},"image":{"@id":"https:\/\/malkovich.es\/#\/schema\/logo\/image\/"}}]}},"_links":{"self":[{"href":"https:\/\/malkovich.es\/en\/wp-json\/wp\/v2\/pages\/31","targetHints":{"allow":["GET"]}}],"collection":[{"href":"https:\/\/malkovich.es\/en\/wp-json\/wp\/v2\/pages"}],"about":[{"href":"https:\/\/malkovich.es\/en\/wp-json\/wp\/v2\/types\/page"}],"author":[{"embeddable":true,"href":"https:\/\/malkovich.es\/en\/wp-json\/wp\/v2\/users\/3"}],"replies":[{"embeddable":true,"href":"https:\/\/malkovich.es\/en\/wp-json\/wp\/v2\/comments?post=31"}],"version-history":[{"count":241,"href":"https:\/\/malkovich.es\/en\/wp-json\/wp\/v2\/pages\/31\/revisions"}],"predecessor-version":[{"id":1147,"href":"https:\/\/malkovich.es\/en\/wp-json\/wp\/v2\/pages\/31\/revisions\/1147"}],"wp:attachment":[{"href":"https:\/\/malkovich.es\/en\/wp-json\/wp\/v2\/media?parent=31"}],"curies":[{"name":"wp","href":"https:\/\/api.w.org\/{rel}","templated":true}]}}